{"id":12199,"date":"2023-12-22T09:29:57","date_gmt":"2023-12-22T09:29:57","guid":{"rendered":"https:\/\/tissu.lt\/?post_type=product&#038;p=12199"},"modified":"2024-08-04T11:25:27","modified_gmt":"2024-08-04T11:25:27","slug":"baldiniu-audiniu-valiklis-oa-sofa-care-500-ml","status":"publish","type":"product","link":"https:\/\/tissu.lt\/?product=baldiniu-audiniu-valiklis-oa-sofa-care-500-ml","title":{"rendered":"Baldini\u0173 audini\u0173 valiklis OA SOFA CARE 500 ml"},"content":{"rendered":"","protected":false},"excerpt":{"rendered":"<p>\u0160is pa\u017eangus produktas buvo sukurtas naudojant inovatyvi\u0105 technologij\u0105. Jis prasiskverbia \u012f audinius, tirpdo ne\u0161varumus, veiksmingai \u0161alina d\u0117mes, dulki\u0173 erkutes ir negyvas odos l\u0105steles, kurios sudaro s\u0105lygas veistis bakterijoms ar grybeliams. Skirtingai nei kai kurios rinkoje esan\u010dios valymo priemon\u0117s, OA nei\u0161tepa ir nepalieka vandens d\u0117mi\u0173. Sud\u0117tyje yra aktyvi\u0173 sidabro mikrodaleli\u0173, kurios ilgai i\u0161laiko audini\u0173 gaivum\u0105, ir cinko jungini\u0173, kurie pa\u0161alina nemalonius kvapus. \u0160is produktas yra visi\u0161kai saugus valyti audini\u0173 pavir\u0161ius ir yra biologi\u0161kai skaidus. Dermatologi\u0161kai patikrinta. Neturi \u012ftakos audinio patvarumui. Sudedamosios dalys yra i\u0161 tvari\u0173 \u0161altini\u0173.<\/p>\n<p>Pa\u017eangi \u201eOA SOFA CARE\u201c formul\u0117 u\u017etikrins j\u016bs\u0173 sofos \u0161var\u0105 ir higien\u0105, o jos antistatin\u0117 med\u017eiaga gali suma\u017einti purvo ir dulki\u0173 prikibim\u0105.<\/p>\n<p>Naudojimo\u00a0instrukcija:<\/p>\n<ul>\n<li>Prie\u0161\u00a0naudojim\u0105\u00a0gerai\u00a0suplakite.<\/li>\n<li>Pradedant naudoti, i\u0161bandykite ant ma\u017eo pavir\u0161iaus ploto.<\/li>\n<li>Purk\u0161kite\u00a0laikydami\u00a0apytiksliai\u00a010\u201320 cm\u00a0atstumu\u00a0nuo\u00a0norimo\u00a0i\u0161valyti\u00a0audinio.<\/li>\n<li>Po naudojimo, ma\u017edaug\u00a0 30 sekund\u017ei\u0173, leiskite produktui \u012fsiskverbti ir suaktyv\u0117ti. Toliau \u0161varia ir dr\u0117gna mikropluo\u0161to \u0161luoste nuvalykite vis\u0105 sofos pavir\u0161i\u0173: jei yra sunkiai pa\u0161alinam\u0173 d\u0117mi\u0173, pakartokite \u0161\u012f veiksm\u0105. Geriausiems rezultatams pasiekti,<br \/>\npakartokite\u00a0proced\u016br\u0105.<\/li>\n<li>Atsi\u017evelgiant\u00a0\u012f\u00a0d\u017eiovinimo\u00a0laik\u0105,\u00a0patariama\u00a0audin\u012f\u00a0valyti\u00a0vakare.<\/li>\n<\/ul>\n<p>Atidarius\u00a0sunaudoti\u00a0per 24\u00a0m\u0117nesius\u00a0nuo\u00a0pagaminimo\u00a0datos\u00a0(\u017ei\u016br\u0117ti\u00a0ant\u00a0pakuot\u0117s).<\/p>\n","protected":false},"featured_media":12200,"comment_status":"closed","ping_status":"closed","template":"","meta":[],"product_cat":[186],"product_tag":[],"class_list":{"0":"post-12199","1":"product","2":"type-product","3":"status-publish","4":"has-post-thumbnail","6":"product_cat-baldu-valymo-priemones","8":"first","9":"outofstock","10":"shipping-taxable","11":"purchasable","12":"product-type-simple"},"_links":{"self":[{"href":"https:\/\/tissu.lt\/index.php?rest_route=\/wp\/v2\/product\/12199","targetHints":{"allow":["GET"]}}],"collection":[{"href":"https:\/\/tissu.lt\/index.php?rest_route=\/wp\/v2\/product"}],"about":[{"href":"https:\/\/tissu.lt\/index.php?rest_route=\/wp\/v2\/types\/product"}],"replies":[{"embeddable":true,"href":"https:\/\/tissu.lt\/index.php?rest_route=%2Fwp%2Fv2%2Fcomments&post=12199"}],"version-history":[{"count":2,"href":"https:\/\/tissu.lt\/index.php?rest_route=\/wp\/v2\/product\/12199\/revisions"}],"predecessor-version":[{"id":12204,"href":"https:\/\/tissu.lt\/index.php?rest_route=\/wp\/v2\/product\/12199\/revisions\/12204"}],"wp:featuredmedia":[{"embeddable":true,"href":"https:\/\/tissu.lt\/index.php?rest_route=\/wp\/v2\/media\/12200"}],"wp:attachment":[{"href":"https:\/\/tissu.lt\/index.php?rest_route=%2Fwp%2Fv2%2Fmedia&parent=12199"}],"wp:term":[{"taxonomy":"product_cat","embeddable":true,"href":"https:\/\/tissu.lt\/index.php?rest_route=%2Fwp%2Fv2%2Fproduct_cat&post=12199"},{"taxonomy":"product_tag","embeddable":true,"href":"https:\/\/tissu.lt\/index.php?rest_route=%2Fwp%2Fv2%2Fproduct_tag&post=12199"}],"curies":[{"name":"wp","href":"https:\/\/api.w.org\/{rel}","templated":true}]}}