{"id":12216,"date":"2023-12-22T10:23:10","date_gmt":"2023-12-22T10:23:10","guid":{"rendered":"https:\/\/tissu.lt\/?post_type=product&#038;p=12216"},"modified":"2024-12-10T09:57:29","modified_gmt":"2024-12-10T09:57:29","slug":"vandeniui-atsparus-baldiniu-audiniu-impregnantas-oa-sofa-protector-250ml","status":"publish","type":"product","link":"https:\/\/tissu.lt\/?product=vandeniui-atsparus-baldiniu-audiniu-impregnantas-oa-sofa-protector-250ml","title":{"rendered":"Vandeniui atsparus baldini\u0173 audini\u0173 impregnantas OA SOFA PROTECTOR 250ml."},"content":{"rendered":"","protected":false},"excerpt":{"rendered":"<p>\u201eOA SOFA PROTECTOR\u201c \u012fsiskverbia giliai \u012f pluo\u0161tus ir prie j\u0173 prisitvirtina, sukurdamas mikroskopin\u0119 pl\u0117vel\u0119, kuri atstumia vanden\u012f ir ne\u0161varumus. Ji neleid\u017eia audiniui sugerti dr\u0117gm\u0117s, riebal\u0173 ir prakaito ir palengvina bet kokio pob\u016bd\u017eio ne\u0161varum\u0173 pa\u0161alinim\u0105. Po padengimo audinio pavir\u0161ius i\u0161lieka pralaidus garams, tod\u0117l bet kokia dr\u0117gm\u0117 nat\u016braliai i\u0161garuoja i\u0161 audinio strukt\u016bros, o tai sudaro nepalankias s\u0105lygas bakterijoms ir pel\u0117siui. Nekei\u010dia spalvos ir nepalieka vandens d\u0117mi\u0173. Be to, aktyviosios sidabro dalel\u0117s apsaugo audin\u012f, tod\u0117l jis ilgai i\u0161lieka \u0161vie\u017eias. Kad i\u0161vengtum\u0117te spalvos pakitim\u0173, gamin\u012f tepkite ant viso pavir\u0161iaus.<\/p>\n<p>Patikrinta dermatologi\u0161kai. Neturi \u012ftakos audinio ilgaam\u017ei\u0161kumui. Sudedamosios dalys i\u0161 tvari\u0173 \u0161altini\u0173.<\/p>\n<p>Naudojimo\u00a0instrukcija:<\/p>\n<ul>\n<li>Prie\u0161 naudojant OA SOFA PROTECTOR, patartina kruop\u0161\u010diai nuvalyti apmu\u0161alus OA SOFA<br \/>\nCARE produktu. Prad\u0117dami naudoti, i\u0161bandykite produkt\u0105 ant ma\u017eo pavir\u0161iaus ploto.<\/li>\n<li>Laikydami ma\u017edaug 10\u201320 cm atstumu nuo audinio, purk\u0161kite j\u012f ant sauso, \u0161varaus pavir\u0161iaus, kol jis bus visi\u0161kai padengtas.<\/li>\n<li>Po\u00a0naudojimo,\u00a0galite\u00a0audin\u012f\u00a0nusausinti\u00a0kempine,\u00a0taip\u00a0produktas\u00a0\u012f\u00a0audin\u012f\u00a0\u012fsiskverbs\u00a0giliau.<\/li>\n<li>Naudokite produkt\u0105 5-40 \u00b0C temperat\u016broje.<\/li>\n<li>Leiskite i\u0161d\u017ei\u016bti, i\u0161v\u0117dinkite kambar\u012f.<\/li>\n<li>75 % produkto pasi\u0161alina i\u0161kart po d\u017eiovinimo, visi\u0161kai pasi\u0161alina pra\u0117jus 48 valandoms po d\u017eiovinimo.<\/li>\n<li>Teisingai padengtas pavir\u0161ius bus apsaugotas ma\u017eiausiai 3 m\u0117nesius, atsi\u017evelgiant \u012f naudojimo s\u0105lygas.<\/li>\n<\/ul>\n","protected":false},"featured_media":12218,"comment_status":"closed","ping_status":"closed","template":"","meta":[],"product_cat":[186],"product_tag":[],"class_list":{"0":"post-12216","1":"product","2":"type-product","3":"status-publish","4":"has-post-thumbnail","6":"product_cat-baldu-valymo-priemones","8":"first","9":"outofstock","10":"shipping-taxable","11":"purchasable","12":"product-type-simple"},"_links":{"self":[{"href":"https:\/\/tissu.lt\/index.php?rest_route=\/wp\/v2\/product\/12216","targetHints":{"allow":["GET"]}}],"collection":[{"href":"https:\/\/tissu.lt\/index.php?rest_route=\/wp\/v2\/product"}],"about":[{"href":"https:\/\/tissu.lt\/index.php?rest_route=\/wp\/v2\/types\/product"}],"replies":[{"embeddable":true,"href":"https:\/\/tissu.lt\/index.php?rest_route=%2Fwp%2Fv2%2Fcomments&post=12216"}],"version-history":[{"count":2,"href":"https:\/\/tissu.lt\/index.php?rest_route=\/wp\/v2\/product\/12216\/revisions"}],"predecessor-version":[{"id":12223,"href":"https:\/\/tissu.lt\/index.php?rest_route=\/wp\/v2\/product\/12216\/revisions\/12223"}],"wp:featuredmedia":[{"embeddable":true,"href":"https:\/\/tissu.lt\/index.php?rest_route=\/wp\/v2\/media\/12218"}],"wp:attachment":[{"href":"https:\/\/tissu.lt\/index.php?rest_route=%2Fwp%2Fv2%2Fmedia&parent=12216"}],"wp:term":[{"taxonomy":"product_cat","embeddable":true,"href":"https:\/\/tissu.lt\/index.php?rest_route=%2Fwp%2Fv2%2Fproduct_cat&post=12216"},{"taxonomy":"product_tag","embeddable":true,"href":"https:\/\/tissu.lt\/index.php?rest_route=%2Fwp%2Fv2%2Fproduct_tag&post=12216"}],"curies":[{"name":"wp","href":"https:\/\/api.w.org\/{rel}","templated":true}]}}