{"id":12229,"date":"2023-12-22T11:03:31","date_gmt":"2023-12-22T11:03:31","guid":{"rendered":"https:\/\/tissu.lt\/?post_type=product&#038;p=12229"},"modified":"2025-10-13T17:55:28","modified_gmt":"2025-10-13T17:55:28","slug":"sunkiai-isvalomu-demiu-valiklis-oa-stain-eliminator-100ml","status":"publish","type":"product","link":"https:\/\/tissu.lt\/?product=sunkiai-isvalomu-demiu-valiklis-oa-stain-eliminator-100ml","title":{"rendered":"Sunkiai i\u0161valom\u0173 d\u0117mi\u0173 valiklis OA STAIN ELIMINATOR 100ml."},"content":{"rendered":"","protected":false},"excerpt":{"rendered":"<p>Produktas, pasi\u017eymintis stipriu vietiniu veikimu. Pa\u0161alina kramtomosios gumos, klij\u0173, sen\u0173 lipduk\u0173, ra\u0161alo ar vyno d\u0117mes. Tinka tekstilei, kilimams ir kietiems pavir\u0161iams (akmeniui, plastikui, baldams, stiklui, metalui ir kt.).<\/p>\n<p>Pa\u0161alina erzinan\u010dias d\u0117mes, su kuriomis nesusidoroja kiti plovikliai. Efektyviai \u0161alina vandenyje netirpias d\u0117mes, nenaudojant agresyvi\u0173 tirpikli\u0173.<\/p>\n<p>Naudojimo\u00a0instrukcijos:<\/p>\n<ul>\n<li>Prie\u0161 naudojim\u0105 gerai suplakite. Naudokite neskiest\u0105.<\/li>\n<li>U\u017epurk\u0161kite produkt\u0105 ant d\u0117m\u0117to pavir\u0161iaus ir palikite kelioms sekund\u0117ms.<\/li>\n<li>Nuvalykite \u0161varia, sugerian\u010dia \u0161luoste. Nor\u0117dami pa\u0161alinti kramtom\u0105j\u0105 gum\u0105, papildomai nauokite grem\u017etuk\u0105.<\/li>\n<li>Prie\u0161\u00a0naudojant,\u00a0i\u0161bandykite\u00a0produkt\u0105\u00a0ant\u00a0nedidelio\u00a0pavir\u0161iaus\u00a0ploto.<\/li>\n<\/ul>\n","protected":false},"featured_media":12230,"comment_status":"closed","ping_status":"closed","template":"","meta":[],"product_cat":[186],"product_tag":[],"class_list":{"0":"post-12229","1":"product","2":"type-product","3":"status-publish","4":"has-post-thumbnail","6":"product_cat-baldu-valymo-priemones","8":"first","9":"instock","10":"shipping-taxable","11":"purchasable","12":"product-type-simple"},"_links":{"self":[{"href":"https:\/\/tissu.lt\/index.php?rest_route=\/wp\/v2\/product\/12229","targetHints":{"allow":["GET"]}}],"collection":[{"href":"https:\/\/tissu.lt\/index.php?rest_route=\/wp\/v2\/product"}],"about":[{"href":"https:\/\/tissu.lt\/index.php?rest_route=\/wp\/v2\/types\/product"}],"replies":[{"embeddable":true,"href":"https:\/\/tissu.lt\/index.php?rest_route=%2Fwp%2Fv2%2Fcomments&post=12229"}],"version-history":[{"count":2,"href":"https:\/\/tissu.lt\/index.php?rest_route=\/wp\/v2\/product\/12229\/revisions"}],"predecessor-version":[{"id":12233,"href":"https:\/\/tissu.lt\/index.php?rest_route=\/wp\/v2\/product\/12229\/revisions\/12233"}],"wp:featuredmedia":[{"embeddable":true,"href":"https:\/\/tissu.lt\/index.php?rest_route=\/wp\/v2\/media\/12230"}],"wp:attachment":[{"href":"https:\/\/tissu.lt\/index.php?rest_route=%2Fwp%2Fv2%2Fmedia&parent=12229"}],"wp:term":[{"taxonomy":"product_cat","embeddable":true,"href":"https:\/\/tissu.lt\/index.php?rest_route=%2Fwp%2Fv2%2Fproduct_cat&post=12229"},{"taxonomy":"product_tag","embeddable":true,"href":"https:\/\/tissu.lt\/index.php?rest_route=%2Fwp%2Fv2%2Fproduct_tag&post=12229"}],"curies":[{"name":"wp","href":"https:\/\/api.w.org\/{rel}","templated":true}]}}