{"id":12442,"date":"2024-04-20T19:11:14","date_gmt":"2024-04-20T19:11:14","guid":{"rendered":"https:\/\/tissu.lt\/?post_type=product&#038;p=12442"},"modified":"2026-01-30T12:22:34","modified_gmt":"2026-01-30T12:22:34","slug":"avyte-3","status":"publish","type":"product","link":"https:\/\/tissu.lt\/?product=avyte-3","title":{"rendered":"AVYT\u0116"},"content":{"rendered":"\t\t<div data-elementor-type=\"wp-post\" data-elementor-id=\"12442\" class=\"elementor elementor-12442\">\n\t\t\t\t\t\t<section class=\"elementor-section elementor-top-section elementor-element elementor-element-75d12a7 elementor-section-boxed elementor-section-height-default elementor-section-height-default\" data-id=\"75d12a7\" data-element_type=\"section\">\n\t\t\t\t\t\t<div class=\"elementor-container elementor-column-gap-default\">\n\t\t\t\t\t<div class=\"elementor-column elementor-col-100 elementor-top-column elementor-element elementor-element-db12a63\" data-id=\"db12a63\" data-element_type=\"column\">\n\t\t\t<div class=\"elementor-widget-wrap elementor-element-populated\">\n\t\t\t\t\t\t<div class=\"elementor-element elementor-element-4e5955c elementor-widget elementor-widget-text-editor\" data-id=\"4e5955c\" data-element_type=\"widget\" data-widget_type=\"text-editor.default\">\n\t\t\t\t<div class=\"elementor-widget-container\">\n\t\t\t\t\t\t\t\t\t<p dir=\"ltr\" style=\"text-align: left;\" data-placeholder=\"Translation\">Tissu s\u0117dmai\u0161is sukurtas moderniems poilsio ir darbo namuose gyvenimo \u012fpro\u010diams. \u0160is naujovi\u0161kas, kintamo tvirtumo baldas prisitaiko prie k\u016bno, sukurdamas tolygesn\u0119 nugaros atram\u0105. Atsegama konstrukcija leid\u017eia lengvai reguliuoti mink\u0161to u\u017epildo kiek\u012f, pritaikant s\u0117dmai\u0161io mink\u0161tum\u0105 pagal save.<\/p>\t\t\t\t\t\t\t\t<\/div>\n\t\t\t\t<\/div>\n\t\t\t\t\t<\/div>\n\t\t<\/div>\n\t\t\t\t\t<\/div>\n\t\t<\/section>\n\t\t\t\t<section class=\"elementor-section elementor-top-section elementor-element elementor-element-7b3c3462 elementor-section-content-middle elementor-section-boxed elementor-section-height-default elementor-section-height-default\" data-id=\"7b3c3462\" data-element_type=\"section\">\n\t\t\t\t\t\t<div class=\"elementor-container elementor-column-gap-wide\">\n\t\t\t\t\t<div class=\"elementor-column elementor-col-50 elementor-top-column elementor-element elementor-element-5c838a37\" data-id=\"5c838a37\" data-element_type=\"column\">\n\t\t\t<div class=\"elementor-widget-wrap elementor-element-populated\">\n\t\t\t\t\t\t<div class=\"elementor-element elementor-element-10f5243 elementor-widget elementor-widget-text-editor\" data-id=\"10f5243\" data-element_type=\"widget\" data-widget_type=\"text-editor.default\">\n\t\t\t\t<div class=\"elementor-widget-container\">\n\t\t\t\t\t\t\t\t\t<h2>Moderniam gyvenimo b\u016bdui<\/h2><p id=\"tw-target-text\" class=\"tw-data-text tw-text-large tw-ta\" dir=\"ltr\" data-placeholder=\"Translation\">Tissu s\u0117dmai\u0161is skirtas \u0161iuolaiki\u0161ka gyvenimo b\u016bdui &#8211; su kompiuteriu ant keli\u0173, sve\u010di\u0173 rate, nam\u0173 kino sal\u0117je ar su pusry\u010diais rankose, basomis kojomis ant kilimo. M\u016bs\u0173 s\u0117dmai\u0161is, J\u016bs\u0173 taisykl\u0117s.<\/p>\t\t\t\t\t\t\t\t<\/div>\n\t\t\t\t<\/div>\n\t\t\t\t\t<\/div>\n\t\t<\/div>\n\t\t\t\t<div class=\"elementor-column elementor-col-50 elementor-top-column elementor-element elementor-element-3f7bdf6c\" data-id=\"3f7bdf6c\" data-element_type=\"column\">\n\t\t\t<div class=\"elementor-widget-wrap elementor-element-populated\">\n\t\t\t\t\t\t<div class=\"elementor-element elementor-element-28fe1a92 elementor-widget elementor-widget-image\" data-id=\"28fe1a92\" data-element_type=\"widget\" data-widget_type=\"image.default\">\n\t\t\t\t<div class=\"elementor-widget-container\">\n\t\t\t\t\t\t\t\t\t\t\t\t\t\t\t<img fetchpriority=\"high\" decoding=\"async\" width=\"800\" height=\"570\" src=\"https:\/\/tissu.lt\/wp-content\/uploads\/2021\/11\/Tissu-sedmaisis-mergina-su-kompiuteriu3.jpg\" class=\"attachment-large size-large wp-image-8340\" alt=\"\" srcset=\"https:\/\/tissu.lt\/wp-content\/uploads\/2021\/11\/Tissu-sedmaisis-mergina-su-kompiuteriu3.jpg 800w, https:\/\/tissu.lt\/wp-content\/uploads\/2021\/11\/Tissu-sedmaisis-mergina-su-kompiuteriu3-300x214.jpg 300w, https:\/\/tissu.lt\/wp-content\/uploads\/2021\/11\/Tissu-sedmaisis-mergina-su-kompiuteriu3-768x547.jpg 768w, https:\/\/tissu.lt\/wp-content\/uploads\/2021\/11\/Tissu-sedmaisis-mergina-su-kompiuteriu3-441x314.jpg 441w, https:\/\/tissu.lt\/wp-content\/uploads\/2021\/11\/Tissu-sedmaisis-mergina-su-kompiuteriu3-150x107.jpg 150w\" sizes=\"(max-width: 360px) 147px, (max-width: 800px) 100vw, 800px\" \/>\t\t\t\t\t\t\t\t\t\t\t\t\t\t\t<\/div>\n\t\t\t\t<\/div>\n\t\t\t\t\t<\/div>\n\t\t<\/div>\n\t\t\t\t\t<\/div>\n\t\t<\/section>\n\t\t\t\t<section class=\"elementor-section elementor-top-section elementor-element elementor-element-2e685add elementor-section-content-middle elementor-section-boxed elementor-section-height-default elementor-section-height-default\" data-id=\"2e685add\" data-element_type=\"section\">\n\t\t\t\t\t\t<div class=\"elementor-container elementor-column-gap-wide\">\n\t\t\t\t\t<div class=\"elementor-column elementor-col-50 elementor-top-column elementor-element elementor-element-32518ae6\" data-id=\"32518ae6\" data-element_type=\"column\">\n\t\t\t<div class=\"elementor-widget-wrap elementor-element-populated\">\n\t\t\t\t\t\t<div class=\"elementor-element elementor-element-29baa3b7 elementor-widget elementor-widget-image\" data-id=\"29baa3b7\" data-element_type=\"widget\" data-widget_type=\"image.default\">\n\t\t\t\t<div class=\"elementor-widget-container\">\n\t\t\t\t\t\t\t\t\t\t\t\t\t\t\t<img decoding=\"async\" width=\"800\" height=\"570\" src=\"https:\/\/tissu.lt\/wp-content\/uploads\/2021\/11\/Tissu-sedmaisis-sedi-vaikinas-su-ausinem3.jpg\" class=\"attachment-large size-large wp-image-8346\" alt=\"\" srcset=\"https:\/\/tissu.lt\/wp-content\/uploads\/2021\/11\/Tissu-sedmaisis-sedi-vaikinas-su-ausinem3.jpg 800w, https:\/\/tissu.lt\/wp-content\/uploads\/2021\/11\/Tissu-sedmaisis-sedi-vaikinas-su-ausinem3-300x214.jpg 300w, https:\/\/tissu.lt\/wp-content\/uploads\/2021\/11\/Tissu-sedmaisis-sedi-vaikinas-su-ausinem3-768x547.jpg 768w, https:\/\/tissu.lt\/wp-content\/uploads\/2021\/11\/Tissu-sedmaisis-sedi-vaikinas-su-ausinem3-441x314.jpg 441w, https:\/\/tissu.lt\/wp-content\/uploads\/2021\/11\/Tissu-sedmaisis-sedi-vaikinas-su-ausinem3-150x107.jpg 150w\" sizes=\"(max-width: 360px) 147px, (max-width: 800px) 100vw, 800px\" \/>\t\t\t\t\t\t\t\t\t\t\t\t\t\t\t<\/div>\n\t\t\t\t<\/div>\n\t\t\t\t\t<\/div>\n\t\t<\/div>\n\t\t\t\t<div class=\"elementor-column elementor-col-50 elementor-top-column elementor-element elementor-element-3479e201\" data-id=\"3479e201\" data-element_type=\"column\">\n\t\t\t<div class=\"elementor-widget-wrap elementor-element-populated\">\n\t\t\t\t\t\t<div class=\"elementor-element elementor-element-5341399d elementor-widget elementor-widget-text-editor\" data-id=\"5341399d\" data-element_type=\"widget\" data-widget_type=\"text-editor.default\">\n\t\t\t\t<div class=\"elementor-widget-container\">\n\t\t\t\t\t\t\t\t\t<h2>Madingam kambariui<\/h2><p>Parinkome madingus audinius, kurie tinka visiems interjerams. Jie lengvai prisitaikys prie mylim\u0173 bald\u0173 ir turimos interjero apdailos. Jums beliks nuspr\u0119sti, kam namuose priklauso pirmenyb\u0119 \u012f \u0161\u012f sost\u0105.<\/p>\t\t\t\t\t\t\t\t<\/div>\n\t\t\t\t<\/div>\n\t\t\t\t\t<\/div>\n\t\t<\/div>\n\t\t\t\t\t<\/div>\n\t\t<\/section>\n\t\t\t\t<section class=\"elementor-section elementor-top-section elementor-element elementor-element-5b6c0f40 elementor-section-content-middle elementor-section-boxed elementor-section-height-default elementor-section-height-default\" data-id=\"5b6c0f40\" data-element_type=\"section\">\n\t\t\t\t\t\t<div class=\"elementor-container elementor-column-gap-wide\">\n\t\t\t\t\t<div class=\"elementor-column elementor-col-50 elementor-top-column elementor-element elementor-element-4063195d\" data-id=\"4063195d\" data-element_type=\"column\">\n\t\t\t<div class=\"elementor-widget-wrap elementor-element-populated\">\n\t\t\t\t\t\t<div class=\"elementor-element elementor-element-273bbe9e elementor-widget elementor-widget-text-editor\" data-id=\"273bbe9e\" data-element_type=\"widget\" data-widget_type=\"text-editor.default\">\n\t\t\t\t<div class=\"elementor-widget-container\">\n\t\t\t\t\t\t\t\t\t<h2>Met\u0173 garantija<\/h2><p>\u012esigijus Tissu prek\u0119, m\u016bs\u0173 kelion\u0117 kartu tuo nesibaigia. Visoms prek\u0117ms galioja 1 met\u0173 kokyb\u0117s garantija. Tad b\u016bkite ram\u016bs &#8211; visuomet esame keli\u0173 telefono mygtuk\u0173 atstumu.\u00a0<\/p>\t\t\t\t\t\t\t\t<\/div>\n\t\t\t\t<\/div>\n\t\t\t\t\t<\/div>\n\t\t<\/div>\n\t\t\t\t<div class=\"elementor-column elementor-col-50 elementor-top-column elementor-element elementor-element-5a3d531a\" data-id=\"5a3d531a\" data-element_type=\"column\">\n\t\t\t<div class=\"elementor-widget-wrap elementor-element-populated\">\n\t\t\t\t\t\t<div class=\"elementor-element elementor-element-4a67256f elementor-widget elementor-widget-image\" data-id=\"4a67256f\" data-element_type=\"widget\" data-widget_type=\"image.default\">\n\t\t\t\t<div class=\"elementor-widget-container\">\n\t\t\t\t\t\t\t\t\t\t\t\t\t\t\t<img decoding=\"async\" width=\"800\" height=\"570\" src=\"https:\/\/tissu.lt\/wp-content\/uploads\/2021\/11\/Mergina-su-mobiliu-ant-Tissu-Sedmaisio.jpg\" class=\"attachment-large size-large wp-image-8536\" alt=\"\" srcset=\"https:\/\/tissu.lt\/wp-content\/uploads\/2021\/11\/Mergina-su-mobiliu-ant-Tissu-Sedmaisio.jpg 800w, https:\/\/tissu.lt\/wp-content\/uploads\/2021\/11\/Mergina-su-mobiliu-ant-Tissu-Sedmaisio-300x214.jpg 300w, https:\/\/tissu.lt\/wp-content\/uploads\/2021\/11\/Mergina-su-mobiliu-ant-Tissu-Sedmaisio-768x547.jpg 768w, https:\/\/tissu.lt\/wp-content\/uploads\/2021\/11\/Mergina-su-mobiliu-ant-Tissu-Sedmaisio-441x314.jpg 441w, https:\/\/tissu.lt\/wp-content\/uploads\/2021\/11\/Mergina-su-mobiliu-ant-Tissu-Sedmaisio-150x107.jpg 150w\" sizes=\"(max-width: 360px) 147px, (max-width: 800px) 100vw, 800px\" \/>\t\t\t\t\t\t\t\t\t\t\t\t\t\t\t<\/div>\n\t\t\t\t<\/div>\n\t\t\t\t\t<\/div>\n\t\t<\/div>\n\t\t\t\t\t<\/div>\n\t\t<\/section>\n\t\t\t\t<\/div>\n\t\t","protected":false},"excerpt":{"rendered":"<p id=\"tw-target-text\" class=\"tw-data-text tw-text-large tw-ta\" dir=\"ltr\" data-placeholder=\"Translation\"><span class=\"Y2IQFc\" lang=\"lt\">Itin mink\u0161tas su avyt\u0117s kail\u012f primenan\u010diu audiniu. Spalva: \u0161alto atspalvio rusva.<\/span><\/p>\n<p dir=\"ltr\" data-placeholder=\"Translation\">Dydis: <span class=\"Y2IQFc\" lang=\"lt\">125 cm x 100 cm x 60 cm.<\/span><\/p>\n<ul>\n<li>Tvirta, dvigubo susiuvimo konstrukcija<\/li>\n<li>Trin\u010diai atsparus audinys su vidiniu impilu<\/li>\n<li><span class=\"Y2IQFc\" lang=\"lt\">Reguliuojamas s\u0117d\u0117jimo kietumas<\/span><\/li>\n<li>Dovana &#8211; 1 vnt tos pa\u010dios r\u016b\u0161ies pagalv\u0117l\u0117<\/li>\n<li>Perkant s\u0117dmai\u0161\u012f su pufu, dovana &#8211;\u00a0 2 vnt pagalv\u0117li\u0173<\/li>\n<li>1 met\u0173 garantija<\/li>\n<\/ul>\n<p>Pristatymas per 2 d.d. jei prek\u0117 yra sand\u0117lyje.<\/p>\n","protected":false},"featured_media":12368,"comment_status":"open","ping_status":"closed","template":"","meta":[],"product_cat":[138],"product_tag":[94,75,78,71,98],"class_list":{"0":"post-12442","1":"product","2":"type-product","3":"status-publish","4":"has-post-thumbnail","6":"product_cat-sedmaisiai-minksti-baldai","7":"product_tag-migla","8":"product_tag-pilka","9":"product_tag-sedmaisis","10":"product_tag-su-kutais","11":"product_tag-veliuras","12":"product_shipping_class-sedmaisis","14":"first","15":"onbackorder","16":"shipping-taxable","17":"purchasable","18":"product-type-simple"},"_links":{"self":[{"href":"https:\/\/tissu.lt\/index.php?rest_route=\/wp\/v2\/product\/12442","targetHints":{"allow":["GET"]}}],"collection":[{"href":"https:\/\/tissu.lt\/index.php?rest_route=\/wp\/v2\/product"}],"about":[{"href":"https:\/\/tissu.lt\/index.php?rest_route=\/wp\/v2\/types\/product"}],"replies":[{"embeddable":true,"href":"https:\/\/tissu.lt\/index.php?rest_route=%2Fwp%2Fv2%2Fcomments&post=12442"}],"version-history":[{"count":3,"href":"https:\/\/tissu.lt\/index.php?rest_route=\/wp\/v2\/product\/12442\/revisions"}],"predecessor-version":[{"id":12485,"href":"https:\/\/tissu.lt\/index.php?rest_route=\/wp\/v2\/product\/12442\/revisions\/12485"}],"wp:featuredmedia":[{"embeddable":true,"href":"https:\/\/tissu.lt\/index.php?rest_route=\/wp\/v2\/media\/12368"}],"wp:attachment":[{"href":"https:\/\/tissu.lt\/index.php?rest_route=%2Fwp%2Fv2%2Fmedia&parent=12442"}],"wp:term":[{"taxonomy":"product_cat","embeddable":true,"href":"https:\/\/tissu.lt\/index.php?rest_route=%2Fwp%2Fv2%2Fproduct_cat&post=12442"},{"taxonomy":"product_tag","embeddable":true,"href":"https:\/\/tissu.lt\/index.php?rest_route=%2Fwp%2Fv2%2Fproduct_tag&post=12442"}],"curies":[{"name":"wp","href":"https:\/\/api.w.org\/{rel}","templated":true}]}}